{"id":12494,"date":"2018-08-14T10:17:05","date_gmt":"2018-08-14T10:17:05","guid":{"rendered":"http:\/\/www.nisel.sk\/?page_id=12494"},"modified":"2025-11-27T09:21:50","modified_gmt":"2025-11-27T09:21:50","slug":"nisel-intro","status":"publish","type":"page","link":"https:\/\/nisel.sk\/","title":{"rendered":"nisel intro"},"content":{"rendered":"\n<div class=\"ct-posts-shortcode\" data-prefix=\"blog\"><div class=\"entries\" data-archive=\"default\" data-layout=\"grid\" data-cards=\"boxed\"><article class=\"entry-card card-content post-17374 post type-post status-publish format-standard has-post-thumbnail hentry category-novinky-v-nasej-ponuke tag-wiim\" ><h2 class=\"entry-title\"><a href=\"https:\/\/nisel.sk\/nisel-wiim-vitaz-testu-streamer-uspesne\/17374\" rel=\"bookmark\">WiiM &#8211; kvalitn\u00e9 hifi komponenty za m\u00e1lo pe\u0148az\u00ed<\/a><\/h2><a class=\"ct-media-container boundless-image\" href=\"https:\/\/nisel.sk\/nisel-wiim-vitaz-testu-streamer-uspesne\/17374\" aria-label=\"WiiM &#8211; kvalitn\u00e9 hifi komponenty za m\u00e1lo pe\u0148az\u00ed\"><img decoding=\"async\" width=\"675\" height=\"450\" src=\"https:\/\/nisel.sk\/wp-content\/uploads\/WiiM-Ultra-675x450.jpg\" class=\"attachment-medium size-medium wp-post-image\" alt=\"WiiM-Ultra\" loading=\"lazy\" srcset=\"https:\/\/nisel.sk\/wp-content\/uploads\/WiiM-Ultra-675x450.jpg 675w, https:\/\/nisel.sk\/wp-content\/uploads\/WiiM-Ultra-768x512.jpg 768w, https:\/\/nisel.sk\/wp-content\/uploads\/WiiM-Ultra.jpg 990w\" sizes=\"auto, (max-width: 675px) 100vw, 675px\" itemprop=\"image\" style=\"aspect-ratio: 3\/2;\" \/><\/a><div class=\"entry-excerpt\"><p>Vyrobi\u0165 nie\u010do tak\u00e9to a pred\u00e1va\u0165 za tak m\u00e1lo pe\u0148az\u00ed? To sa \u010dloveku ani veri\u0165 nechce pri niektor\u00fdch s\u00fa\u010dasn\u00fdch cen\u00e1ch t\u00fdchto produktov z hifi & highend...<\/p>\n<\/div><\/article><article class=\"entry-card card-content post-17480 post type-post status-publish format-standard has-post-thumbnail hentry category-second-hand tag-accuphase\" ><h2 class=\"entry-title\"><a href=\"https:\/\/nisel.sk\/integrovany-highend-zosilnovac-accuphase-e-600-zaruka-kvalita-spolahlivost\/17480\" rel=\"bookmark\">Zosil\u0148ova\u010d ACCUPHASE E-600 tu neb\u00fdva \u010dasto v secondhande&#8230;<\/a><\/h2><a class=\"ct-media-container boundless-image\" href=\"https:\/\/nisel.sk\/integrovany-highend-zosilnovac-accuphase-e-600-zaruka-kvalita-spolahlivost\/17480\" aria-label=\"Zosil\u0148ova\u010d ACCUPHASE E-600 tu neb\u00fdva \u010dasto v secondhande&#8230;\"><img decoding=\"async\" width=\"350\" height=\"250\" src=\"https:\/\/nisel.sk\/wp-content\/uploads\/ACCUPHASE-E-600-view.jpg\" class=\"attachment-medium size-medium wp-post-image\" alt=\"\" loading=\"lazy\" itemprop=\"image\" style=\"aspect-ratio: 7\/5;\" \/><\/a><div class=\"entry-excerpt\"><p>Neverte v\u0161etk\u00e9mu, \u010do n\u00e1jdete na nete - tam sa d\u00e1 nap\u00edsa\u0165 v\u0161eli\u010do!<\/p>\n<\/div><\/article><article class=\"entry-card card-content post-17224 post type-post status-publish format-standard has-post-thumbnail hentry category-gramofony tag-luxman\" ><h2 class=\"entry-title\"><a href=\"https:\/\/nisel.sk\/luxman-pd-151-mark-ii-coskoro-opat-v-showroome\/17224\" rel=\"bookmark\">LUXMAN PD-151 Mark II op\u00e4\u0165 v showroome&#8230;<\/a><\/h2><a class=\"ct-media-container boundless-image\" href=\"https:\/\/nisel.sk\/luxman-pd-151-mark-ii-coskoro-opat-v-showroome\/17224\" aria-label=\"LUXMAN PD-151 Mark II op\u00e4\u0165 v showroome&#8230;\"><img decoding=\"async\" width=\"300\" height=\"235\" src=\"https:\/\/nisel.sk\/wp-content\/uploads\/LUXMAN-PD-151-Mark-II-w.-dust-cover-300x235.jpg\" class=\"attachment-medium size-medium wp-post-image\" alt=\"\" loading=\"lazy\" srcset=\"https:\/\/nisel.sk\/wp-content\/uploads\/LUXMAN-PD-151-Mark-II-w.-dust-cover-300x235.jpg 300w, https:\/\/nisel.sk\/wp-content\/uploads\/LUXMAN-PD-151-Mark-II-w.-dust-cover.jpg 600w\" sizes=\"auto, (max-width: 300px) 100vw, 300px\" itemprop=\"image\" style=\"aspect-ratio: 600\/469;\" \/><\/a><div class=\"entry-excerpt\"><p>... a osaden\u00fd bude prenoskou LUXMAN LMC-5! <\/p>\n<\/div><\/article><article class=\"entry-card card-content post-17091 post type-post status-publish format-standard has-post-thumbnail hentry category-integrovane category-zosilnovace tag-luxman\" ><h2 class=\"entry-title\"><a href=\"https:\/\/nisel.sk\/luxman-l-505z-z-ako-zazrak-za-tie-peniaze\/17091\" rel=\"bookmark\">Integrovan\u00fd zosil\u0148ova\u010d LUXMAN L-505Z &#8211; &#8222;Z&#8220; ako &#8222;Z\u00e1zrak&#8220; za tie peniaze!<\/a><\/h2><a class=\"ct-media-container boundless-image\" href=\"https:\/\/nisel.sk\/luxman-l-505z-z-ako-zazrak-za-tie-peniaze\/17091\" aria-label=\"Integrovan\u00fd zosil\u0148ova\u010d LUXMAN L-505Z &#8211; &#8222;Z&#8220; ako &#8222;Z\u00e1zrak&#8220; za tie peniaze!\"><img decoding=\"async\" width=\"300\" height=\"138\" src=\"https:\/\/nisel.sk\/wp-content\/uploads\/LUXMAN-L-505Z-Zosil\u0148ova\u010d-\u00faprimnej-hudby-1-300x138.jpg\" class=\"attachment-medium size-medium wp-post-image\" alt=\"\" loading=\"lazy\" srcset=\"https:\/\/nisel.sk\/wp-content\/uploads\/LUXMAN-L-505Z-Zosil\u0148ova\u010d-\u00faprimnej-hudby-1-300x138.jpg 300w, https:\/\/nisel.sk\/wp-content\/uploads\/LUXMAN-L-505Z-Zosil\u0148ova\u010d-\u00faprimnej-hudby-1-1024x472.jpg 1024w, https:\/\/nisel.sk\/wp-content\/uploads\/LUXMAN-L-505Z-Zosil\u0148ova\u010d-\u00faprimnej-hudby-1-768x354.jpg 768w, https:\/\/nisel.sk\/wp-content\/uploads\/LUXMAN-L-505Z-Zosil\u0148ova\u010d-\u00faprimnej-hudby-1-1536x708.jpg 1536w, https:\/\/nisel.sk\/wp-content\/uploads\/LUXMAN-L-505Z-Zosil\u0148ova\u010d-\u00faprimnej-hudby-1.jpg 1600w\" sizes=\"auto, (max-width: 300px) 100vw, 300px\" itemprop=\"image\" style=\"aspect-ratio: 1600\/737;\" \/><\/a><div class=\"entry-excerpt\"><p>Ak m\u00e1te ten dojem, \u017ee preh\u00e1\u0148am, tak pom\u00f4\u017ee u\u017e len jedin\u00e9:<br \/>\npr\u00ed\u010fte si ho vypo\u010du\u0165 na vlastn\u00e9 u\u0161i...<\/p>\n<\/div><\/article><article class=\"entry-card card-content post-17052 post type-post status-publish format-standard has-post-thumbnail hentry category-cdsacd category-da-prevodniky category-prehravace category-second-hand tag-accuphase\" ><h2 class=\"entry-title\"><a href=\"https:\/\/nisel.sk\/accuphase-dp-560-highend-sacd-cd-dac-na-predaj-za-nehighendovy-peniaz\/17052\" rel=\"bookmark\">CD\/SACD prehr\u00e1va\u010d ACCUPHASE DP-560 v secondhande<\/a><\/h2><a class=\"ct-media-container boundless-image\" href=\"https:\/\/nisel.sk\/accuphase-dp-560-highend-sacd-cd-dac-na-predaj-za-nehighendovy-peniaz\/17052\" aria-label=\"CD\/SACD prehr\u00e1va\u010d ACCUPHASE DP-560 v secondhande\"><img decoding=\"async\" width=\"300\" height=\"214\" src=\"https:\/\/nisel.sk\/wp-content\/uploads\/ACCUPHASE-DP-560-300x214.jpg\" class=\"attachment-medium size-medium wp-post-image\" alt=\"\" loading=\"lazy\" srcset=\"https:\/\/nisel.sk\/wp-content\/uploads\/ACCUPHASE-DP-560-300x214.jpg 300w, https:\/\/nisel.sk\/wp-content\/uploads\/ACCUPHASE-DP-560.jpg 350w\" sizes=\"auto, (max-width: 300px) 100vw, 300px\" itemprop=\"image\" style=\"aspect-ratio: 7\/5;\" \/><\/a><div class=\"entry-excerpt\"><p>Dovol\u00edte mi vojs\u0165 do va\u0161ej posluchovky? Zapln\u00edm ju HUDBOU. Nie zvukom, ale HUDBOU!<\/p>\n<\/div><\/article><article class=\"entry-card card-content post-16884 post type-post status-publish format-standard has-post-thumbnail hentry category-akcia category-highend category-killer-price category-second-hand category-vselico tag-accuphase tag-acon tag-akg tag-astellkern tag-atohm tag-audia-flight tag-audio-analogue tag-aurum-cantus tag-avid tag-ayon-audio tag-benchmark tag-beyerdynamic tag-bowers-wilkins tag-cabasse tag-cambridge-audio tag-casta-acoustics tag-chord tag-cocktail-audio tag-contrast-audio tag-crestron tag-crosszone tag-dual tag-electrocompaniet tag-etymotic tag-focal tag-fyne-audio tag-gato-audio tag-goldenear-technology tag-harman-kardon tag-hegel tag-heos tag-hifiman tag-i-mego tag-isotek tag-jbl tag-jbl-synthesis tag-jvc tag-lumin tag-luxman tag-marantz tag-mark-levinson tag-martin-logan tag-maxell tag-mordaunt-short tag-naim tag-north-star-design tag-oehlbach tag-ortofon tag-panasonic tag-parasound tag-pass-labs tag-pioneer tag-polestar tag-primare tag-pro-ject tag-rega tag-sennheiser tag-sme tag-sonus-faber tag-standaudio tag-tdk tag-unison-research tag-vincent tag-wilson-audio tag-xlo\" ><h2 class=\"entry-title\"><a href=\"https:\/\/nisel.sk\/vypredaj-sale-verkauf-hifi-highend\/16884\" rel=\"bookmark\">V\u00ddPREDAJ, SALE, VERKAUF&#8230; Posledn\u00e1 aktualiz\u00e1cia: 16.04.2026<\/a><\/h2><a class=\"ct-media-container boundless-image\" href=\"https:\/\/nisel.sk\/vypredaj-sale-verkauf-hifi-highend\/16884\" aria-label=\"V\u00ddPREDAJ, SALE, VERKAUF&#8230; Posledn\u00e1 aktualiz\u00e1cia: 16.04.2026\"><img decoding=\"async\" width=\"300\" height=\"300\" src=\"https:\/\/nisel.sk\/wp-content\/uploads\/V\u00fdpredaj-300x300.jpg\" class=\"attachment-medium size-medium wp-post-image\" alt=\"\" loading=\"lazy\" srcset=\"https:\/\/nisel.sk\/wp-content\/uploads\/V\u00fdpredaj-300x300.jpg 300w, https:\/\/nisel.sk\/wp-content\/uploads\/V\u00fdpredaj-150x150.jpg 150w, https:\/\/nisel.sk\/wp-content\/uploads\/V\u00fdpredaj.jpg 1000w\" sizes=\"auto, (max-width: 300px) 100vw, 300px\" itemprop=\"image\" style=\"aspect-ratio: 1\/1;\" \/><\/a><div class=\"entry-excerpt\"><p>VE\u013dK\u00dd V\u00ddPREDAJ HIFI &amp; HIGHEND! Toto je roz\u0161\u00edren\u00e1 v\u00fdpredajov\u00e1 ponuka, ktor\u00fa u\u017e pozn\u00e1te z minul\u00fdch\u2026<\/p>\n<\/div><\/article><\/div>\n\t\t<nav class=\"ct-pagination\" data-pagination=\"simple\"  >\n\t\t\t<div class=\"ct-hidden-sm\"><span aria-current=\"page\" class=\"page-numbers current\">1<\/span>\n<a class=\"page-numbers\" href=\"https:\/\/nisel.sk\/page\/2?rest_route=%2Fwp%2Fv2%2Fpages%2F12494\">2<\/a>\n<a class=\"page-numbers\" href=\"https:\/\/nisel.sk\/page\/3?rest_route=%2Fwp%2Fv2%2Fpages%2F12494\">3<\/a>\n<a class=\"page-numbers\" href=\"https:\/\/nisel.sk\/page\/4?rest_route=%2Fwp%2Fv2%2Fpages%2F12494\">4<\/a>\n<span class=\"page-numbers dots\">&hellip;<\/span>\n<a class=\"page-numbers\" href=\"https:\/\/nisel.sk\/page\/9?rest_route=%2Fwp%2Fv2%2Fpages%2F12494\">9<\/a><\/div><a class=\"next page-numbers\" rel=\"next\" href=\"https:\/\/nisel.sk\/page\/2?rest_route=%2Fwp%2Fv2%2Fpages%2F12494\">Next <svg width=\"9px\" height=\"9px\" viewBox=\"0 0 15 15\" fill=\"currentColor\"><path d=\"M4.1,15c0.2,0,0.4-0.1,0.6-0.2L11.4,8c0.3-0.3,0.3-0.8,0-1.1L4.8,0.2C4.5-0.1,4-0.1,3.7,0.2C3.4,0.5,3.4,1,3.7,1.3l6.1,6.1l-6.2,6.2c-0.3,0.3-0.3,0.8,0,1.1C3.7,14.9,3.9,15,4.1,15z\"\/><\/svg><\/a>\n\t\t\t\n\t\t<\/nav><\/div>\n","protected":false},"excerpt":{"rendered":"","protected":false},"author":2,"featured_media":0,"parent":0,"menu_order":0,"comment_status":"closed","ping_status":"closed","template":"","meta":{"footnotes":""},"class_list":["post-12494","page","type-page","status-publish","hentry"],"blocksy_meta":[],"yoast_head":"<!-- This site is optimized with the Yoast SEO Premium plugin v27.0 (Yoast SEO v27.0) - https:\/\/yoast.com\/product\/yoast-seo-premium-wordpress\/ -->\n<title>nisel intro - NISEL<\/title>\n<meta name=\"robots\" content=\"index, follow, max-snippet:-1, max-image-preview:large, max-video-preview:-1\" \/>\n<link rel=\"canonical\" href=\"https:\/\/nisel.sk\/\" \/>\n<meta property=\"og:locale\" content=\"sk_SK\" \/>\n<meta property=\"og:type\" content=\"article\" \/>\n<meta property=\"og:title\" content=\"nisel intro\" \/>\n<meta property=\"og:url\" content=\"https:\/\/nisel.sk\/\" \/>\n<meta property=\"og:site_name\" content=\"NISEL\" \/>\n<meta property=\"article:modified_time\" content=\"2025-11-27T09:21:50+00:00\" \/>\n<meta name=\"twitter:card\" content=\"summary_large_image\" \/>\n<script type=\"application\/ld+json\" class=\"yoast-schema-graph\">{\"@context\":\"https:\/\/schema.org\",\"@graph\":[{\"@type\":\"WebPage\",\"@id\":\"https:\/\/nisel.sk\/\",\"url\":\"https:\/\/nisel.sk\/\",\"name\":\"nisel intro - NISEL\",\"isPartOf\":{\"@id\":\"https:\/\/nisel.sk\/#website\"},\"datePublished\":\"2018-08-14T10:17:05+00:00\",\"dateModified\":\"2025-11-27T09:21:50+00:00\",\"breadcrumb\":{\"@id\":\"https:\/\/nisel.sk\/#breadcrumb\"},\"inLanguage\":\"sk-SK\",\"potentialAction\":[{\"@type\":\"ReadAction\",\"target\":[\"https:\/\/nisel.sk\/\"]}]},{\"@type\":\"BreadcrumbList\",\"@id\":\"https:\/\/nisel.sk\/#breadcrumb\",\"itemListElement\":[{\"@type\":\"ListItem\",\"position\":1,\"name\":\"Domovsk\u00e1 str\u00e1nka\",\"item\":\"https:\/\/nisel.sk\/\"},{\"@type\":\"ListItem\",\"position\":2,\"name\":\"nisel intro\"}]},{\"@type\":\"WebSite\",\"@id\":\"https:\/\/nisel.sk\/#website\",\"url\":\"https:\/\/nisel.sk\/\",\"name\":\"NISEL\",\"description\":\"Living Hi-Fi\",\"publisher\":{\"@id\":\"https:\/\/nisel.sk\/#organization\"},\"potentialAction\":[{\"@type\":\"SearchAction\",\"target\":{\"@type\":\"EntryPoint\",\"urlTemplate\":\"https:\/\/nisel.sk\/?s={search_term_string}\"},\"query-input\":{\"@type\":\"PropertyValueSpecification\",\"valueRequired\":true,\"valueName\":\"search_term_string\"}}],\"inLanguage\":\"sk-SK\"},{\"@type\":\"Organization\",\"@id\":\"https:\/\/nisel.sk\/#organization\",\"name\":\"NISEL High End HiFi Audio\",\"url\":\"https:\/\/nisel.sk\/\",\"logo\":{\"@type\":\"ImageObject\",\"inLanguage\":\"sk-SK\",\"@id\":\"https:\/\/nisel.sk\/#\/schema\/logo\/image\/\",\"url\":\"https:\/\/nisel.sk\/wp-content\/uploads\/nisel-logo200.webp\",\"contentUrl\":\"https:\/\/nisel.sk\/wp-content\/uploads\/nisel-logo200.webp\",\"width\":200,\"height\":67,\"caption\":\"NISEL High End HiFi Audio\"},\"image\":{\"@id\":\"https:\/\/nisel.sk\/#\/schema\/logo\/image\/\"}}]}<\/script>\n<!-- \/ Yoast SEO Premium plugin. -->","yoast_head_json":{"title":"nisel intro - NISEL","robots":{"index":"index","follow":"follow","max-snippet":"max-snippet:-1","max-image-preview":"max-image-preview:large","max-video-preview":"max-video-preview:-1"},"canonical":"https:\/\/nisel.sk\/","og_locale":"sk_SK","og_type":"article","og_title":"nisel intro","og_url":"https:\/\/nisel.sk\/","og_site_name":"NISEL","article_modified_time":"2025-11-27T09:21:50+00:00","twitter_card":"summary_large_image","schema":{"@context":"https:\/\/schema.org","@graph":[{"@type":"WebPage","@id":"https:\/\/nisel.sk\/","url":"https:\/\/nisel.sk\/","name":"nisel intro - NISEL","isPartOf":{"@id":"https:\/\/nisel.sk\/#website"},"datePublished":"2018-08-14T10:17:05+00:00","dateModified":"2025-11-27T09:21:50+00:00","breadcrumb":{"@id":"https:\/\/nisel.sk\/#breadcrumb"},"inLanguage":"sk-SK","potentialAction":[{"@type":"ReadAction","target":["https:\/\/nisel.sk\/"]}]},{"@type":"BreadcrumbList","@id":"https:\/\/nisel.sk\/#breadcrumb","itemListElement":[{"@type":"ListItem","position":1,"name":"Domovsk\u00e1 str\u00e1nka","item":"https:\/\/nisel.sk\/"},{"@type":"ListItem","position":2,"name":"nisel intro"}]},{"@type":"WebSite","@id":"https:\/\/nisel.sk\/#website","url":"https:\/\/nisel.sk\/","name":"NISEL","description":"Living Hi-Fi","publisher":{"@id":"https:\/\/nisel.sk\/#organization"},"potentialAction":[{"@type":"SearchAction","target":{"@type":"EntryPoint","urlTemplate":"https:\/\/nisel.sk\/?s={search_term_string}"},"query-input":{"@type":"PropertyValueSpecification","valueRequired":true,"valueName":"search_term_string"}}],"inLanguage":"sk-SK"},{"@type":"Organization","@id":"https:\/\/nisel.sk\/#organization","name":"NISEL High End HiFi Audio","url":"https:\/\/nisel.sk\/","logo":{"@type":"ImageObject","inLanguage":"sk-SK","@id":"https:\/\/nisel.sk\/#\/schema\/logo\/image\/","url":"https:\/\/nisel.sk\/wp-content\/uploads\/nisel-logo200.webp","contentUrl":"https:\/\/nisel.sk\/wp-content\/uploads\/nisel-logo200.webp","width":200,"height":67,"caption":"NISEL High End HiFi Audio"},"image":{"@id":"https:\/\/nisel.sk\/#\/schema\/logo\/image\/"}}]}},"_links":{"self":[{"href":"https:\/\/nisel.sk\/wp-json\/wp\/v2\/pages\/12494","targetHints":{"allow":["GET"]}}],"collection":[{"href":"https:\/\/nisel.sk\/wp-json\/wp\/v2\/pages"}],"about":[{"href":"https:\/\/nisel.sk\/wp-json\/wp\/v2\/types\/page"}],"author":[{"embeddable":true,"href":"https:\/\/nisel.sk\/wp-json\/wp\/v2\/users\/2"}],"replies":[{"embeddable":true,"href":"https:\/\/nisel.sk\/wp-json\/wp\/v2\/comments?post=12494"}],"version-history":[{"count":0,"href":"https:\/\/nisel.sk\/wp-json\/wp\/v2\/pages\/12494\/revisions"}],"wp:attachment":[{"href":"https:\/\/nisel.sk\/wp-json\/wp\/v2\/media?parent=12494"}],"curies":[{"name":"wp","href":"https:\/\/api.w.org\/{rel}","templated":true}]}}